{"id":1904,"date":"2019-05-21T10:39:27","date_gmt":"2019-05-21T08:39:27","guid":{"rendered":"https:\/\/www.dipesorecords.it\/shop\/?page_id=1904"},"modified":"2020-04-30T21:35:03","modified_gmt":"2020-04-30T19:35:03","slug":"home","status":"publish","type":"page","link":"https:\/\/www.dipesorecords.it\/shop\/","title":{"rendered":"Home"},"content":{"rendered":"<p>[et_pb_section fb_built=&#8221;1&#8243; fullwidth=&#8221;on&#8221; disabled_on=&#8221;on|on|off&#8221; _builder_version=&#8221;3.22.7&#8243; max_width=&#8221;100%&#8221; custom_margin=&#8221;-4px||&#8221;][et_pb_fullwidth_slider _builder_version=&#8221;3.22.7&#8243; height=&#8221;50vw&#8221; custom_margin=&#8221;||10px|||&#8221; custom_padding=&#8221;||0px|||&#8221;][et_pb_slide _builder_version=&#8221;3.22.7&#8243; background_color=&#8221;rgba(58,58,58,0)&#8221; background_image=&#8221;https:\/\/www.dipesorecords.it\/wp-content\/uploads\/2019\/07\/BANNER-MM-DIPESO-e1562760544213.jpg&#8221; background_position=&#8221;bottom_left&#8221;][\/et_pb_slide][et_pb_slide _builder_version=&#8221;3.22.7&#8243; background_color=&#8221;rgba(58,58,58,0)&#8221; background_image=&#8221;https:\/\/www.dipesorecords.it\/wp-content\/uploads\/2019\/07\/BANNER-KOSE-DIPESO-e1562760606777.jpg&#8221;][\/et_pb_slide][et_pb_slide _builder_version=&#8221;3.22.7&#8243; background_color=&#8221;rgba(58,58,58,0)&#8221; background_image=&#8221;https:\/\/www.dipesorecords.it\/wp-content\/uploads\/2019\/03\/Banner-2-Reale-sito-dipeso.jpeg&#8221;][\/et_pb_slide][\/et_pb_fullwidth_slider][\/et_pb_section][et_pb_section fb_built=&#8221;1&#8243; admin_label=&#8221;Products&#8221; _builder_version=&#8221;3.22.3&#8243; custom_padding=&#8221;100px|0px|0|0px|false|false&#8221;][et_pb_row use_custom_gutter=&#8221;on&#8221; gutter_width=&#8221;2&#8243; custom_padding=&#8221;|0%|13px|0%||true&#8221; custom_margin=&#8221;|-6px|80px|50px||&#8221; make_equal=&#8221;on&#8221; module_class=&#8221; et_pb_row_fullwidth&#8221; _builder_version=&#8221;3.22.3&#8243; width=&#8221;94%&#8221; width_tablet=&#8221;80%&#8221; width_last_edited=&#8221;on|desktop&#8221; max_width=&#8221;94%&#8221; max_width_tablet=&#8221;80%&#8221; max_width_last_edited=&#8221;on|desktop&#8221; module_alignment=&#8221;center&#8221; make_fullwidth=&#8221;on&#8221;][et_pb_column type=&#8221;1_3&#8243; _builder_version=&#8221;3.0.47&#8243;][et_pb_blurb title=&#8221;MIENMIUAIF CAKE (2019)&#8221; url=&#8221;https:\/\/www.dipesorecords.it\/shop\/libro\/8052745631102\/mienmiuaif-cake\/&#8221; image=&#8221;https:\/\/www.dipesorecords.it\/shop\/wp-content\/uploads\/Cover-MM-Musicraiser-e1559649766651.jpg&#8221; content_max_width=&#8221;480px&#8221; _builder_version=&#8221;3.22.7&#8243; header_text_align=&#8221;center&#8221; body_text_align=&#8221;center&#8221; body_letter_spacing=&#8221;1px&#8221; body_line_height=&#8221;1em&#8221; border_color_all_image=&#8221;#000000&#8243; box_shadow_style_image=&#8221;preset3&#8243; custom_margin=&#8221;||30px|&#8221; custom_margin_tablet=&#8221;|15px||&#8221; custom_margin_phone=&#8221;|0px||&#8221; custom_margin_last_edited=&#8221;on|phone&#8221; link_option_url=&#8221;https:\/\/www.dipesorecords.it\/shop\/libro\/8052745631102\/mienmiuaif-cake\/&#8221;]<\/p>\n<p><strong>CD<\/strong><\/p>\n<p style=\"text-align: center;\">\u20ac 15 + spedizione<\/p>\n<p style=\"text-align: center;\"><strong><span style=\"color: #139307;\">DISPONIBILE<\/span><\/strong><\/p>\n<p>[\/et_pb_blurb][et_pb_button button_url=&#8221;https:\/\/music.apple.com\/it\/album\/mienmiuaif-cake\/1469043665&#8243; url_new_window=&#8221;on&#8221; button_text=&#8221;Mienmiuaif Cake su iTunes&#8221; button_alignment=&#8221;center&#8221; _builder_version=&#8221;3.22.7&#8243; custom_button=&#8221;on&#8221; button_text_size=&#8221;15px&#8221; button_text_color=&#8221;#242424&#8243; button_border_width=&#8221;1px&#8221; button_border_color=&#8221;#6b6b6b&#8221; button_border_radius=&#8221;28px&#8221; button_letter_spacing=&#8221;2px&#8221; button_font=&#8221;||||||||&#8221; button_use_icon=&#8221;off&#8221; custom_margin=&#8221;||15px|||&#8221;][\/et_pb_button][et_pb_button button_url=&#8221;https:\/\/play.google.com\/store\/music\/album\/Mienmiuaif_Mienmiuaif_Cake?id=Bwdx7rqsc7mg2jhl4k7exopkas4&#038;hl=it&#8221; url_new_window=&#8221;on&#8221; button_text=&#8221;Mienmiuaif Cake su Google Play&#8221; button_alignment=&#8221;center&#8221; _builder_version=&#8221;3.22.7&#8243; custom_button=&#8221;on&#8221; button_text_size=&#8221;15px&#8221; button_text_color=&#8221;#242424&#8243; button_border_width=&#8221;1px&#8221; button_border_color=&#8221;#6b6b6b&#8221; button_border_radius=&#8221;28px&#8221; button_letter_spacing=&#8221;2px&#8221; button_font=&#8221;||||||||&#8221; button_use_icon=&#8221;off&#8221; custom_margin=&#8221;||15px|||&#8221;][\/et_pb_button][et_pb_button button_url=&#8221;https:\/\/www.amazon.it\/Mienmiuaif-Cake\/dp\/B07T7KRB7Z\/ref=sr_1_1?keywords=Mienmiuaif&#038;qid=1562761428&#038;s=dmusic&#038;search-type=ss&#038;sr=1-1&#8243; url_new_window=&#8221;on&#8221; button_text=&#8221;Mienmiuaif Cake su Amazon Music&#8221; button_alignment=&#8221;center&#8221; _builder_version=&#8221;3.22.7&#8243; custom_button=&#8221;on&#8221; button_text_size=&#8221;15px&#8221; button_text_color=&#8221;#242424&#8243; button_border_width=&#8221;1px&#8221; button_border_color=&#8221;#6b6b6b&#8221; button_border_radius=&#8221;28px&#8221; button_letter_spacing=&#8221;2px&#8221; button_font=&#8221;||||||||&#8221; button_use_icon=&#8221;off&#8221; custom_margin=&#8221;||15px|||&#8221;][\/et_pb_button][\/et_pb_column][et_pb_column type=&#8221;1_3&#8243; _builder_version=&#8221;3.0.47&#8243;][et_pb_blurb title=&#8221;ANIMADVERTERE (2019)&#8221; url=&#8221;https:\/\/www.dipesorecords.it\/shop\/libro\/8052745631119\/animadvertere\/&#8221; image=&#8221;https:\/\/www.dipesorecords.it\/shop\/wp-content\/uploads\/Animadvertere_FRONTE-e1559649709655.jpg&#8221; content_max_width=&#8221;480px&#8221; _builder_version=&#8221;3.22.7&#8243; header_text_align=&#8221;center&#8221; body_text_align=&#8221;center&#8221; body_letter_spacing=&#8221;1px&#8221; body_line_height=&#8221;1em&#8221; border_color_all_image=&#8221;#000000&#8243; box_shadow_style_image=&#8221;preset3&#8243; custom_margin=&#8221;||30px|&#8221; custom_margin_tablet=&#8221;|15px||&#8221; custom_margin_phone=&#8221;|0px||&#8221; custom_margin_last_edited=&#8221;on|phone&#8221; link_option_url=&#8221;https:\/\/www.dipesorecords.it\/shop\/libro\/8052745631119\/animadvertere\/&#8221;]<\/p>\n<p style=\"text-align: center;\"><strong>CD<\/strong><\/p>\n<p style=\"text-align: center;\">\u20ac 15 + spedizione<\/p>\n<p style=\"text-align: center;\"><strong><span style=\"color: #139307;\">DISPONIBILE<\/span><\/strong><\/p>\n<p>[\/et_pb_blurb][et_pb_button button_url=&#8221;https:\/\/music.apple.com\/it\/album\/animadvertere\/1468883093&#8243; url_new_window=&#8221;on&#8221; button_text=&#8221;Animadvertere su iTunes&#8221; button_alignment=&#8221;center&#8221; _builder_version=&#8221;3.22.7&#8243; custom_button=&#8221;on&#8221; button_text_size=&#8221;15px&#8221; button_text_color=&#8221;#242424&#8243; button_border_width=&#8221;1px&#8221; button_border_color=&#8221;#6b6b6b&#8221; button_border_radius=&#8221;28px&#8221; button_letter_spacing=&#8221;2px&#8221; button_font=&#8221;||||||||&#8221; button_use_icon=&#8221;off&#8221; custom_margin=&#8221;||15px|||&#8221;][\/et_pb_button][et_pb_button button_url=&#8221;https:\/\/play.google.com\/store\/music\/album\/Kose_Animadvertere?id=Boa6rnkd5yh57y5pjmv3xy4wyme&#038;hl=it&#8221; url_new_window=&#8221;on&#8221; button_text=&#8221;Animadvertere su Google Play&#8221; button_alignment=&#8221;center&#8221; _builder_version=&#8221;3.22.7&#8243; custom_button=&#8221;on&#8221; button_text_size=&#8221;15px&#8221; button_text_color=&#8221;#242424&#8243; button_border_width=&#8221;1px&#8221; button_border_color=&#8221;#6b6b6b&#8221; button_border_radius=&#8221;28px&#8221; button_letter_spacing=&#8221;2px&#8221; button_font=&#8221;||||||||&#8221; button_use_icon=&#8221;off&#8221; custom_margin=&#8221;||15px|||&#8221;][\/et_pb_button][et_pb_button button_url=&#8221;https:\/\/www.amazon.it\/Animadvertere-Kose\/dp\/B07T74TGQH\/ref=sr_1_1?__mk_it_IT=\u00c5M\u00c5\u017d\u00d5\u00d1&#038;keywords=animadvertere&#038;qid=1561108816&#038;s=dmusic&#038;sr=1-1&#8243; url_new_window=&#8221;on&#8221; button_text=&#8221;Animadvertere su Amazon Music&#8221; button_alignment=&#8221;center&#8221; _builder_version=&#8221;3.22.7&#8243; custom_button=&#8221;on&#8221; button_text_size=&#8221;15px&#8221; button_text_color=&#8221;#242424&#8243; button_border_width=&#8221;1px&#8221; button_border_color=&#8221;#6b6b6b&#8221; button_border_radius=&#8221;28px&#8221; button_letter_spacing=&#8221;2px&#8221; button_font=&#8221;||||||||&#8221; button_use_icon=&#8221;off&#8221; custom_margin=&#8221;11px|||||&#8221;][\/et_pb_button][\/et_pb_column][et_pb_column type=&#8221;1_3&#8243; _builder_version=&#8221;3.0.47&#8243;][et_pb_blurb title=&#8221;TRAVOLGIMI (2018)&#8221; url=&#8221;https:\/\/www.realemusica.it\/shop\/libro\/8052745631096\/travolgimi-2018\/&#8221; image=&#8221;https:\/\/www.dipesorecords.it\/shop\/wp-content\/uploads\/reale-cover-mod-2-e1528490682741.jpg&#8221; content_max_width=&#8221;480px&#8221; _builder_version=&#8221;3.22.7&#8243; header_text_align=&#8221;center&#8221; body_text_align=&#8221;center&#8221; body_letter_spacing=&#8221;1px&#8221; body_line_height=&#8221;1em&#8221; border_color_all_image=&#8221;#000000&#8243; box_shadow_style_image=&#8221;preset3&#8243; custom_margin=&#8221;||30px|&#8221; custom_margin_tablet=&#8221;|15px|30px|&#8221; custom_margin_phone=&#8221;50px|0px|30px|||&#8221; custom_margin_last_edited=&#8221;on|phone&#8221;]<\/p>\n<p style=\"text-align: center;\"><strong>CD<\/strong><\/p>\n<p style=\"text-align: center;\">\u20ac 15 + spedizione<\/p>\n<p style=\"text-align: center;\"><strong><span style=\"color: #139307;\">DISPONIBILE NELLO STORE DEI REALE<\/span><\/strong><\/p>\n<p>[\/et_pb_blurb][et_pb_button button_url=&#8221;https:\/\/music.apple.com\/it\/album\/travolgimi\/1419596784&#8243; url_new_window=&#8221;on&#8221; button_text=&#8221;Travolgimi su iTunes&#8221; button_alignment=&#8221;center&#8221; _builder_version=&#8221;3.22.7&#8243; custom_button=&#8221;on&#8221; button_text_size=&#8221;15px&#8221; button_text_color=&#8221;#242424&#8243; button_border_width=&#8221;1px&#8221; button_border_color=&#8221;#6b6b6b&#8221; button_border_radius=&#8221;28px&#8221; button_letter_spacing=&#8221;2px&#8221; button_font=&#8221;||||||||&#8221; button_use_icon=&#8221;off&#8221; custom_margin=&#8221;||15px|||&#8221;][\/et_pb_button][et_pb_button button_url=&#8221;https:\/\/play.google.com\/store\/music\/album\/Reale_Travolgimi?id=Brhjkuryje5s63hebkpk3nszrwm&#038;hl=it&#8221; url_new_window=&#8221;on&#8221; button_text=&#8221;Travolgimi su Google Play&#8221; button_alignment=&#8221;center&#8221; _builder_version=&#8221;3.22.7&#8243; custom_button=&#8221;on&#8221; button_text_size=&#8221;15px&#8221; button_text_color=&#8221;#242424&#8243; button_border_width=&#8221;1px&#8221; button_border_color=&#8221;#6b6b6b&#8221; button_border_radius=&#8221;28px&#8221; button_letter_spacing=&#8221;2px&#8221; button_font=&#8221;||||||||&#8221; button_use_icon=&#8221;off&#8221; custom_margin=&#8221;||12px|||&#8221;][\/et_pb_button][et_pb_button button_url=&#8221;https:\/\/www.amazon.it\/Travolgimi-Reale\/dp\/B07G42TFJY\/ref=zg_bs_digital-music-album_16?_encoding=UTF8&#038;psc=1&#038;refRID=Q2H4CGBWRE12GQASAXEJ&#8221; url_new_window=&#8221;on&#8221; button_text=&#8221;Animadvertere su Amazon Music&#8221; button_alignment=&#8221;center&#8221; _builder_version=&#8221;3.22.7&#8243; custom_button=&#8221;on&#8221; button_text_size=&#8221;15px&#8221; button_text_color=&#8221;#242424&#8243; button_border_width=&#8221;1px&#8221; button_border_color=&#8221;#6b6b6b&#8221; button_border_radius=&#8221;28px&#8221; button_letter_spacing=&#8221;2px&#8221; button_font=&#8221;||||||||&#8221; button_use_icon=&#8221;off&#8221; custom_margin=&#8221;5px|||||&#8221;][\/et_pb_button][\/et_pb_column][\/et_pb_row][\/et_pb_section][et_pb_section fb_built=&#8221;1&#8243; _builder_version=&#8221;3.22.7&#8243; background_color=&#8221;#CA283F&#8221; custom_margin=&#8221;24px|||||&#8221; custom_padding=&#8221;51px|0px|32px|0px|false|false&#8221;][et_pb_row custom_padding=&#8221;0px|0px|0|0px|false|false&#8221; custom_margin=&#8221;|auto|12px|auto||&#8221; make_equal=&#8221;on&#8221; _builder_version=&#8221;3.22.3&#8243; module_alignment=&#8221;center&#8221;][et_pb_column type=&#8221;4_4&#8243; _builder_version=&#8221;3.0.47&#8243;][et_pb_text _builder_version=&#8221;3.10.1&#8243; header_font=&#8221;||||||||&#8221; header_text_align=&#8221;center&#8221; header_text_color=&#8221;#ffffff&#8221; custom_margin=&#8221;|||&#8221; custom_padding=&#8221;|||0px&#8221;]<\/p>\n<h1>SPEDIZIONE GRATUITA PER ORDINI SUPERIORI A 50\u20ac !<\/h1>\n<p>[\/et_pb_text][et_pb_image src=&#8221;https:\/\/www.dipesorecords.it\/shop\/wp-content\/uploads\/free-shipping-icon.png&#8221; align=&#8221;center&#8221; _builder_version=&#8221;3.11&#8243; max_width=&#8221;10%&#8221; max_width_tablet=&#8221;15%&#8221; max_width_last_edited=&#8221;on|phone&#8221; module_alignment=&#8221;center&#8221;][\/et_pb_image][\/et_pb_column][\/et_pb_row][\/et_pb_section][et_pb_section fb_built=&#8221;1&#8243; _builder_version=&#8221;3.22.7&#8243; background_color=&#8221;#ffffff&#8221; global_module=&#8221;1950&#8243; saved_tabs=&#8221;all&#8221;][et_pb_row custom_padding=&#8221;3.3%|0px|0|0px|false|false&#8221; _builder_version=&#8221;3.22.3&#8243;][et_pb_column type=&#8221;4_4&#8243; _builder_version=&#8221;3.0.47&#8243;][et_pb_image src=&#8221;https:\/\/www.dipesorecords.it\/shop\/wp-content\/uploads\/2019\/05\/DIPESO_PNG-e1557382473364.png&#8221; align=&#8221;center&#8221; admin_label=&#8221;Logo footer&#8221; _builder_version=&#8221;3.22.7&#8243; width=&#8221;10%&#8221; max_width=&#8221;50%&#8221;][\/et_pb_image][\/et_pb_column][\/et_pb_row][et_pb_row custom_padding=&#8221;19px|0px|0px|0px|false|false&#8221; _builder_version=&#8221;3.22.3&#8243;][et_pb_column type=&#8221;4_4&#8243; _builder_version=&#8221;3.0.47&#8243;][et_pb_social_media_follow _builder_version=&#8221;3.22.7&#8243; text_orientation=&#8221;center&#8221; background_layout=&#8221;dark&#8221; custom_margin=&#8221;-6px|||&#8221; mix_blend_mode=&#8221;screen&#8221; animation_style=&#8221;fade&#8221; animation_duration=&#8221;650ms&#8221; animation_speed_curve=&#8221;ease-in&#8221;][et_pb_social_media_follow_network social_network=&#8221;instagram&#8221; url=&#8221;https:\/\/www.instagram.com\/dipesorecords\/&#8221; _builder_version=&#8221;3.22.7&#8243; background_color=&#8221;#ca283f&#8221; custom_margin=&#8221;|20px|0px|0px&#8221; follow_button=&#8221;off&#8221; url_new_window=&#8221;on&#8221;]instagram[\/et_pb_social_media_follow_network][et_pb_social_media_follow_network social_network=&#8221;youtube&#8221; url=&#8221;https:\/\/www.youtube.com\/channel\/UC-NSCWx7eyuuI-oF6xRZ0Wg\/&#8221; _builder_version=&#8221;3.22.7&#8243; background_color=&#8221;#ca283f&#8221; follow_button=&#8221;off&#8221; url_new_window=&#8221;on&#8221;]youtube[\/et_pb_social_media_follow_network][\/et_pb_social_media_follow][\/et_pb_column][\/et_pb_row][et_pb_row module_class=&#8221; et_pb_row_fullwidth&#8221; _builder_version=&#8221;3.22.3&#8243; width=&#8221;100%&#8221; width_tablet=&#8221;100%&#8221; width_last_edited=&#8221;on|desktop&#8221; max_width=&#8221;100%&#8221; max_width_tablet=&#8221;100%&#8221; max_width_last_edited=&#8221;on|desktop&#8221; make_fullwidth=&#8221;on&#8221;][et_pb_column type=&#8221;4_4&#8243; _builder_version=&#8221;3.0.47&#8243;][et_pb_text _builder_version=&#8221;3.22.7&#8243; text_font=&#8221;||||||||&#8221; text_text_color=&#8221;#c046bf&#8221; text_letter_spacing=&#8221;1px&#8221; text_line_height=&#8221;3em&#8221; link_font=&#8221;||||||||&#8221; header_font=&#8221;||||||||&#8221; header_4_font=&#8221;||||||||&#8221; header_4_text_color=&#8221;#c046bf&#8221; header_4_letter_spacing=&#8221;2px&#8221; header_5_font=&#8221;|600|||||||&#8221; header_5_text_align=&#8221;center&#8221; header_5_text_color=&#8221;#c046bf&#8221; header_5_font_size=&#8221;15px&#8221; header_5_line_height=&#8221;1.7em&#8221; header_6_font=&#8221;|700|||||||&#8221; header_6_text_color=&#8221;#c046bf&#8221; background_color=&#8221;#ffffff&#8221; custom_margin=&#8221;20px|||&#8221;]<\/p>\n<h5 style=\"text-align: center;\"><span style=\"color: #bb1230;\">ecommerce gestito da <a href=\"https:\/\/editrice.effata.it\/\" style=\"color: #bb1230;\">effat\u00e0 editrice<\/a><\/span><\/h5>\n<p style=\"text-align: center;\"><em><span style=\"color: #bb1230;\">EMAIL<\/span>: <span style=\"color: #1f4351;\"><a style=\"color: #1f4351;\" href=\"mailto:info@effata.it\">info@effata.it<\/a><\/span>\u00a0<span style=\"color: #bb1230;\">TEL<\/span>: <span style=\"color: #bb1230;\"><a style=\"color: #1f4351;\" title=\"effat\u00e0 editrice\" href=\"tel:+390121353452\">0121 35 34 52\u00a0<\/a><\/span><\/em><\/p>\n<h5 style=\"text-align: center;\"><em><span style=\"color: #1f4351;\"><a href=\"https:\/\/www.dipesorecords.it\/shop\/\">SHOP HOME<\/a>\u00a0<\/span><span style=\"color: #bb1230;\">\/ <\/span><span style=\"color: #1f4351;\"><a href=\"https:\/\/www.dipesorecords.it\/\">DIPESO HOME<\/a>\u00a0<\/span><span style=\"color: #bb1230;\">\/ <\/span><span style=\"color: #1f4351;\"><a href=\"https:\/\/www.dipesorecords.it\/scouting\/\">SCOUTING<\/a>\u00a0<\/span><span style=\"color: #bb1230;\">\/ <\/span> \u00a0<\/em><\/h5>\n<h5 style=\"text-align: center;\"><em><span style=\"color: #1f4351;\"><a style=\"color: #1f4351;\" href=\"mailto:info@dipesorecords.it\"><\/a><\/span><\/em><\/h5>\n<p style=\"text-align: center;\"><span style=\"color: #1f4351;\">\u00a9 Copyright DiPeso Records 2019. Tutti i diritti riservati.<\/span><\/p>\n<p>[\/et_pb_text][\/et_pb_column][\/et_pb_row][\/et_pb_section]<\/p>\n","protected":false},"excerpt":{"rendered":"<p>[et_pb_section fb_built=&#8221;1&#8243; fullwidth=&#8221;on&#8221; disabled_on=&#8221;on|on|off&#8221; _builder_version=&#8221;3.22.7&#8243; max_width=&#8221;100%&#8221; custom_margin=&#8221;-4px||&#8221;][et_pb_fullwidth_slider _builder_version=&#8221;3.22.7&#8243; height=&#8221;50vw&#8221; custom_margin=&#8221;||10px|||&#8221; custom_padding=&#8221;||0px|||&#8221;][et_pb_slide _builder_version=&#8221;3.22.7&#8243; background_color=&#8221;rgba(58,58,58,0)&#8221; background_image=&#8221;https:\/\/www.dipesorecords.it\/wp-content\/uploads\/2019\/07\/BANNER-MM-DIPESO-e1562760544213.jpg&#8221; background_position=&#8221;bottom_left&#8221;][\/et_pb_slide][et_pb_slide _builder_version=&#8221;3.22.7&#8243; background_color=&#8221;rgba(58,58,58,0)&#8221; background_image=&#8221;https:\/\/www.dipesorecords.it\/wp-content\/uploads\/2019\/07\/BANNER-KOSE-DIPESO-e1562760606777.jpg&#8221;][\/et_pb_slide][et_pb_slide _builder_version=&#8221;3.22.7&#8243; background_color=&#8221;rgba(58,58,58,0)&#8221; background_image=&#8221;https:\/\/www.dipesorecords.it\/wp-content\/uploads\/2019\/03\/Banner-2-Reale-sito-dipeso.jpeg&#8221;][\/et_pb_slide][\/et_pb_fullwidth_slider][\/et_pb_section][et_pb_section fb_built=&#8221;1&#8243; admin_label=&#8221;Products&#8221; _builder_version=&#8221;3.22.3&#8243; custom_padding=&#8221;100px|0px|0|0px|false|false&#8221;][et_pb_row use_custom_gutter=&#8221;on&#8221; gutter_width=&#8221;2&#8243; custom_padding=&#8221;|0%|13px|0%||true&#8221; custom_margin=&#8221;|-6px|80px|50px||&#8221; make_equal=&#8221;on&#8221; module_class=&#8221; et_pb_row_fullwidth&#8221; _builder_version=&#8221;3.22.3&#8243; width=&#8221;94%&#8221; width_tablet=&#8221;80%&#8221; width_last_edited=&#8221;on|desktop&#8221; max_width=&#8221;94%&#8221; max_width_tablet=&#8221;80%&#8221; max_width_last_edited=&#8221;on|desktop&#8221; module_alignment=&#8221;center&#8221; make_fullwidth=&#8221;on&#8221;][et_pb_column type=&#8221;1_3&#8243; _builder_version=&#8221;3.0.47&#8243;][et_pb_blurb title=&#8221;MIENMIUAIF CAKE (2019)&#8221; url=&#8221;https:\/\/www.dipesorecords.it\/shop\/libro\/8052745631102\/mienmiuaif-cake\/&#8221; image=&#8221;https:\/\/www.dipesorecords.it\/shop\/wp-content\/uploads\/Cover-MM-Musicraiser-e1559649766651.jpg&#8221; content_max_width=&#8221;480px&#8221; _builder_version=&#8221;3.22.7&#8243; header_text_align=&#8221;center&#8221; body_text_align=&#8221;center&#8221; body_letter_spacing=&#8221;1px&#8221; body_line_height=&#8221;1em&#8221; border_color_all_image=&#8221;#000000&#8243; [&hellip;]<\/p>\n","protected":false},"author":1,"featured_media":0,"parent":0,"menu_order":0,"comment_status":"closed","ping_status":"closed","template":"","meta":{"_et_pb_use_builder":"on","_et_pb_old_content":"","footnotes":""},"yoast_head":"<!-- This site is optimized with the Yoast SEO plugin v21.7 - https:\/\/yoast.com\/wordpress\/plugins\/seo\/ -->\n<title>Home - Shop | DiPeso Records - Etichetta discografica indipendente<\/title>\n<meta name=\"description\" content=\"Benvenuto nello store ufficiale della DiPeso Records, l&#039;ecommerce della musica cristiana, album e CD di Kose MC, Mienmiuaif e Reale - Shop | DiPeso Records\" \/>\n<meta name=\"robots\" content=\"index, follow, max-snippet:-1, max-image-preview:large, max-video-preview:-1\" \/>\n<link rel=\"canonical\" href=\"https:\/\/www.dipesorecords.it\/shop\/\" \/>\n<meta property=\"og:locale\" content=\"it_IT\" \/>\n<meta property=\"og:type\" content=\"article\" \/>\n<meta property=\"og:title\" content=\"Home - Shop | DiPeso Records - Etichetta discografica indipendente\" \/>\n<meta property=\"og:description\" content=\"Benvenuto nello store ufficiale della DiPeso Records, l&#039;ecommerce della musica cristiana, album e CD di Kose MC, Mienmiuaif e Reale - Shop | DiPeso Records\" \/>\n<meta property=\"og:url\" content=\"https:\/\/www.dipesorecords.it\/shop\/\" \/>\n<meta property=\"og:site_name\" content=\"Shop | DiPeso Records\" \/>\n<meta property=\"article:modified_time\" content=\"2020-04-30T19:35:03+00:00\" \/>\n<meta name=\"twitter:card\" content=\"summary_large_image\" \/>\n<meta name=\"twitter:label1\" content=\"Tempo di lettura stimato\" \/>\n\t<meta name=\"twitter:data1\" content=\"8 minuti\" \/>\n<script type=\"application\/ld+json\" class=\"yoast-schema-graph\">{\"@context\":\"https:\/\/schema.org\",\"@graph\":[{\"@type\":\"WebPage\",\"@id\":\"https:\/\/www.dipesorecords.it\/shop\/\",\"url\":\"https:\/\/www.dipesorecords.it\/shop\/\",\"name\":\"Home - Shop | DiPeso Records - Etichetta discografica indipendente\",\"isPartOf\":{\"@id\":\"https:\/\/www.dipesorecords.it\/shop\/#website\"},\"datePublished\":\"2019-05-21T08:39:27+00:00\",\"dateModified\":\"2020-04-30T19:35:03+00:00\",\"description\":\"Benvenuto nello store ufficiale della DiPeso Records, l'ecommerce della musica cristiana, album e CD di Kose MC, Mienmiuaif e Reale - Shop | DiPeso Records\",\"breadcrumb\":{\"@id\":\"https:\/\/www.dipesorecords.it\/shop\/#breadcrumb\"},\"inLanguage\":\"it-IT\",\"potentialAction\":[{\"@type\":\"ReadAction\",\"target\":[\"https:\/\/www.dipesorecords.it\/shop\/\"]}]},{\"@type\":\"BreadcrumbList\",\"@id\":\"https:\/\/www.dipesorecords.it\/shop\/#breadcrumb\",\"itemListElement\":[{\"@type\":\"ListItem\",\"position\":1,\"name\":\"Home\",\"item\":\"https:\/\/www.dipesorecords.it\/shop\/\"},{\"@type\":\"ListItem\",\"position\":2,\"name\":\"Home\"}]},{\"@type\":\"WebSite\",\"@id\":\"https:\/\/www.dipesorecords.it\/shop\/#website\",\"url\":\"https:\/\/www.dipesorecords.it\/shop\/\",\"name\":\"Shop | DiPeso Records\",\"description\":\"DiPeso Records - Merchandising, musica, shop\",\"potentialAction\":[{\"@type\":\"SearchAction\",\"target\":{\"@type\":\"EntryPoint\",\"urlTemplate\":\"https:\/\/www.dipesorecords.it\/shop\/?s={search_term_string}\"},\"query-input\":\"required name=search_term_string\"}],\"inLanguage\":\"it-IT\"}]}<\/script>\n<!-- \/ Yoast SEO plugin. -->","yoast_head_json":{"title":"Home - Shop | DiPeso Records - Etichetta discografica indipendente","description":"Benvenuto nello store ufficiale della DiPeso Records, l'ecommerce della musica cristiana, album e CD di Kose MC, Mienmiuaif e Reale - Shop | DiPeso Records","robots":{"index":"index","follow":"follow","max-snippet":"max-snippet:-1","max-image-preview":"max-image-preview:large","max-video-preview":"max-video-preview:-1"},"canonical":"https:\/\/www.dipesorecords.it\/shop\/","og_locale":"it_IT","og_type":"article","og_title":"Home - Shop | DiPeso Records - Etichetta discografica indipendente","og_description":"Benvenuto nello store ufficiale della DiPeso Records, l'ecommerce della musica cristiana, album e CD di Kose MC, Mienmiuaif e Reale - Shop | DiPeso Records","og_url":"https:\/\/www.dipesorecords.it\/shop\/","og_site_name":"Shop | DiPeso Records","article_modified_time":"2020-04-30T19:35:03+00:00","twitter_card":"summary_large_image","twitter_misc":{"Tempo di lettura stimato":"8 minuti"},"schema":{"@context":"https:\/\/schema.org","@graph":[{"@type":"WebPage","@id":"https:\/\/www.dipesorecords.it\/shop\/","url":"https:\/\/www.dipesorecords.it\/shop\/","name":"Home - Shop | DiPeso Records - Etichetta discografica indipendente","isPartOf":{"@id":"https:\/\/www.dipesorecords.it\/shop\/#website"},"datePublished":"2019-05-21T08:39:27+00:00","dateModified":"2020-04-30T19:35:03+00:00","description":"Benvenuto nello store ufficiale della DiPeso Records, l'ecommerce della musica cristiana, album e CD di Kose MC, Mienmiuaif e Reale - Shop | DiPeso Records","breadcrumb":{"@id":"https:\/\/www.dipesorecords.it\/shop\/#breadcrumb"},"inLanguage":"it-IT","potentialAction":[{"@type":"ReadAction","target":["https:\/\/www.dipesorecords.it\/shop\/"]}]},{"@type":"BreadcrumbList","@id":"https:\/\/www.dipesorecords.it\/shop\/#breadcrumb","itemListElement":[{"@type":"ListItem","position":1,"name":"Home","item":"https:\/\/www.dipesorecords.it\/shop\/"},{"@type":"ListItem","position":2,"name":"Home"}]},{"@type":"WebSite","@id":"https:\/\/www.dipesorecords.it\/shop\/#website","url":"https:\/\/www.dipesorecords.it\/shop\/","name":"Shop | DiPeso Records","description":"DiPeso Records - Merchandising, musica, shop","potentialAction":[{"@type":"SearchAction","target":{"@type":"EntryPoint","urlTemplate":"https:\/\/www.dipesorecords.it\/shop\/?s={search_term_string}"},"query-input":"required name=search_term_string"}],"inLanguage":"it-IT"}]}},"_links":{"self":[{"href":"https:\/\/www.dipesorecords.it\/shop\/wp-json\/wp\/v2\/pages\/1904"}],"collection":[{"href":"https:\/\/www.dipesorecords.it\/shop\/wp-json\/wp\/v2\/pages"}],"about":[{"href":"https:\/\/www.dipesorecords.it\/shop\/wp-json\/wp\/v2\/types\/page"}],"author":[{"embeddable":true,"href":"https:\/\/www.dipesorecords.it\/shop\/wp-json\/wp\/v2\/users\/1"}],"replies":[{"embeddable":true,"href":"https:\/\/www.dipesorecords.it\/shop\/wp-json\/wp\/v2\/comments?post=1904"}],"version-history":[{"count":21,"href":"https:\/\/www.dipesorecords.it\/shop\/wp-json\/wp\/v2\/pages\/1904\/revisions"}],"predecessor-version":[{"id":2060,"href":"https:\/\/www.dipesorecords.it\/shop\/wp-json\/wp\/v2\/pages\/1904\/revisions\/2060"}],"wp:attachment":[{"href":"https:\/\/www.dipesorecords.it\/shop\/wp-json\/wp\/v2\/media?parent=1904"}],"curies":[{"name":"wp","href":"https:\/\/api.w.org\/{rel}","templated":true}]}}